{"id":3962,"date":"2024-03-14T19:23:50","date_gmt":"2024-03-14T22:23:50","guid":{"rendered":"https:\/\/joaosoaresneto.com.br\/?page_id=3962"},"modified":"2024-03-14T19:25:43","modified_gmt":"2024-03-14T22:25:43","slug":"arquivo","status":"publish","type":"page","link":"https:\/\/joaosoaresneto.com.br\/index.php\/arquivo\/","title":{"rendered":"Arquivo"},"content":{"rendered":"<ul class=\"wp-block-latest-posts__list wp-block-latest-posts\"><li><a class=\"wp-block-latest-posts__post-title\" href=\"https:\/\/joaosoaresneto.com.br\/index.php\/2024\/04\/12\/fortaleza-e-eu\/\">Fortaleza e eu<\/a><\/li>\n<li><a class=\"wp-block-latest-posts__post-title\" href=\"https:\/\/joaosoaresneto.com.br\/index.php\/2023\/12\/24\/presente-de-natal\/\">PRESENTE DE NATAL<\/a><\/li>\n<li><a class=\"wp-block-latest-posts__post-title\" href=\"https:\/\/joaosoaresneto.com.br\/index.php\/2023\/12\/21\/capistrano-170-anos\/\">CAPISTRANO, 170 ANOS<\/a><\/li>\n<li><a class=\"wp-block-latest-posts__post-title\" href=\"https:\/\/joaosoaresneto.com.br\/index.php\/2023\/12\/21\/intencao-proposito-e-realidade-3\/\">INTEN\u00c7\u00c3O, PROP\u00d3SITO E REALIDADE<\/a><\/li>\n<li><a class=\"wp-block-latest-posts__post-title\" href=\"https:\/\/joaosoaresneto.com.br\/index.php\/2023\/12\/21\/saraminda-e-o-sarney-sensual-2\/\">SARAMINDA E O SARNEY SENSUAL<\/a><\/li>\n<\/ul>","protected":false},"excerpt":{"rendered":"","protected":false},"author":2,"featured_media":0,"parent":0,"menu_order":0,"comment_status":"closed","ping_status":"closed","template":"","meta":{"footnotes":""},"class_list":["post-3962","page","type-page","status-publish","hentry"],"jetpack_sharing_enabled":true,"_links":{"self":[{"href":"https:\/\/joaosoaresneto.com.br\/index.php\/wp-json\/wp\/v2\/pages\/3962","targetHints":{"allow":["GET"]}}],"collection":[{"href":"https:\/\/joaosoaresneto.com.br\/index.php\/wp-json\/wp\/v2\/pages"}],"about":[{"href":"https:\/\/joaosoaresneto.com.br\/index.php\/wp-json\/wp\/v2\/types\/page"}],"author":[{"embeddable":true,"href":"https:\/\/joaosoaresneto.com.br\/index.php\/wp-json\/wp\/v2\/users\/2"}],"replies":[{"embeddable":true,"href":"https:\/\/joaosoaresneto.com.br\/index.php\/wp-json\/wp\/v2\/comments?post=3962"}],"version-history":[{"count":2,"href":"https:\/\/joaosoaresneto.com.br\/index.php\/wp-json\/wp\/v2\/pages\/3962\/revisions"}],"predecessor-version":[{"id":3965,"href":"https:\/\/joaosoaresneto.com.br\/index.php\/wp-json\/wp\/v2\/pages\/3962\/revisions\/3965"}],"wp:attachment":[{"href":"https:\/\/joaosoaresneto.com.br\/index.php\/wp-json\/wp\/v2\/media?parent=3962"}],"curies":[{"name":"wp","href":"https:\/\/api.w.org\/{rel}","templated":true}]}}